{"id":110,"date":"2024-08-08T15:54:57","date_gmt":"2024-08-08T15:54:57","guid":{"rendered":"https:\/\/blacher-psychotherapie.at\/?page_id=110"},"modified":"2025-03-08T19:24:38","modified_gmt":"2025-03-08T19:24:38","slug":"methode","status":"publish","type":"page","link":"https:\/\/blacher-psychotherapie.at\/index.php\/methode\/","title":{"rendered":"Methode"},"content":{"rendered":"<h2 class=\"wp-block-post-title\">Methode<\/h2>\n\n\n<p>Psychotherapie ist ein wissenschaftlich fundiertes Heilverfahren. Sie dient der Behandlung, Heilung oder Linderung von psychischen Leidenszust\u00e4nden und Verhaltensst\u00f6rungen ohne Medikamente.<\/p>\n\n\n\n<p>Eine Psychotherapie kann sinnvoll und hilfreich sein, wenn Gedanken, Gef\u00fchle und das Verhalten die Lebensqualit\u00e4t beeintr\u00e4chtigen.<\/p>\n\n\n\n<h6 class=\"wp-block-heading\">M\u00f6gliche Themengebiete:<\/h6>\n\n\n\n<ul class=\"wp-block-list\">\n<li>Lebens- oder Ver\u00e4nderungskrisen (Trennung, Verlust, Neubeginn)<\/li>\n\n\n\n<li>Krisenintervention, Suizidverh\u00fctung<\/li>\n\n\n\n<li>\u00c4ngste, Stress, Depressionen<\/li>\n\n\n\n<li>Psychosomatik<\/li>\n\n\n\n<li>schwierige oder traumatische Lebensereignisse<\/li>\n\n\n\n<li>Belastungen in der Paarbeziehung oder anderen Beziehungsformen, innerhalb der Familie oder am Arbeitsplatz<\/li>\n\n\n\n<li>Belastungsreaktionen, Anpassungsst\u00f6rungen<\/li>\n\n\n\n<li>frauenspezifische Themen<\/li>\n\n\n\n<li>Wunsch nach pers\u00f6nlicher Weiterentwicklung und Selbsterfahrung<\/li>\n<\/ul>\n\n\n\n<p>Psychotherapie ist ein Prozess. Ich freue mich, Sie auf diesem Weg begleiten zu d\u00fcrfen.<\/p>\n\n\n\n<h6 class=\"wp-block-heading\">Meine Methode &#8211; Konzentrative Bewegungstherapie<\/h6>\n\n\n\n<p>In der Konzentrative Bewegungstherapie (KBT) gehen wir davon aus, dass sich unser psychisches Geschehen im K\u00f6rper zeigt. Neben dem therapeutischen Gespr\u00e4ch k\u00f6nnen wir die eigene Wahrnehmung und Bewegung n\u00fctzen, um einen neuen Erfahrungs- und Handlungsraum im Hier und Jetzt zu schaffen. Dabei werden individuelle Lebens- und Lerngeschichten sowie Bew\u00e4ltigungsstrategien bewusst gemacht und Ressourcen aktiviert.<\/p>\n\n\n\n<p>Wir arbeiten in der KBT mit der eigenen K\u00f6rperwahrnehmung in Ruhe und Bewegung sowie mit Gegenst\u00e4nden. N\u00e4here Informationen finden Sie auch hier: <a href=\"https:\/\/kbt.at\">www.kbt.at<\/a><\/p>\n\n\n\n<figure class=\"wp-block-image size-large\"><img loading=\"lazy\" decoding=\"async\" width=\"2560\" height=\"1440\" src=\"https:\/\/blacher-psychotherapie.at\/wp-content\/uploads\/2024\/08\/PXL_20240809_080002506-edited-scaled.jpg\" alt=\"\" class=\"wp-image-193\" srcset=\"https:\/\/blacher-psychotherapie.at\/wp-content\/uploads\/2024\/08\/PXL_20240809_080002506-edited-scaled.jpg 2560w, https:\/\/blacher-psychotherapie.at\/wp-content\/uploads\/2024\/08\/PXL_20240809_080002506-edited-300x169.jpg 300w, https:\/\/blacher-psychotherapie.at\/wp-content\/uploads\/2024\/08\/PXL_20240809_080002506-edited-1024x576.jpg 1024w, https:\/\/blacher-psychotherapie.at\/wp-content\/uploads\/2024\/08\/PXL_20240809_080002506-edited-768x432.jpg 768w, https:\/\/blacher-psychotherapie.at\/wp-content\/uploads\/2024\/08\/PXL_20240809_080002506-edited-1536x864.jpg 1536w, https:\/\/blacher-psychotherapie.at\/wp-content\/uploads\/2024\/08\/PXL_20240809_080002506-edited-2048x1152.jpg 2048w\" sizes=\"auto, (max-width: 2560px) 100vw, 2560px\" \/><\/figure>\n","protected":false},"excerpt":{"rendered":"<p>Psychotherapie ist ein wissenschaftlich fundiertes Heilverfahren. Sie dient der Behandlung, Heilung oder Linderung von psychischen Leidenszust\u00e4nden und Verhaltensst\u00f6rungen ohne Medikamente. Eine Psychotherapie kann sinnvoll und hilfreich sein, wenn Gedanken, Gef\u00fchle und das Verhalten die Lebensqualit\u00e4t beeintr\u00e4chtigen. M\u00f6gliche Themengebiete: Psychotherapie ist ein Prozess. Ich freue mich, Sie auf diesem Weg begleiten zu d\u00fcrfen. Meine Methode &#8211; [&hellip;]<\/p>\n","protected":false},"author":1,"featured_media":0,"parent":0,"menu_order":0,"comment_status":"closed","ping_status":"closed","template":"","meta":{"footnotes":""},"class_list":["post-110","page","type-page","status-publish","hentry"],"yoast_head":"<!-- This site is optimized with the Yoast SEO plugin v27.4 - https:\/\/yoast.com\/product\/yoast-seo-wordpress\/ -->\n<title>Methode - Andrea Blacher Psychotherapie<\/title>\n<meta name=\"robots\" content=\"index, follow, max-snippet:-1, max-image-preview:large, max-video-preview:-1\" \/>\n<link rel=\"canonical\" href=\"https:\/\/blacher-psychotherapie.at\/index.php\/methode\/\" \/>\n<meta property=\"og:locale\" content=\"de_DE\" \/>\n<meta property=\"og:type\" content=\"article\" \/>\n<meta property=\"og:title\" content=\"Methode - Andrea Blacher Psychotherapie\" \/>\n<meta property=\"og:description\" content=\"Psychotherapie ist ein wissenschaftlich fundiertes Heilverfahren. Sie dient der Behandlung, Heilung oder Linderung von psychischen Leidenszust\u00e4nden und Verhaltensst\u00f6rungen ohne Medikamente. Eine Psychotherapie kann sinnvoll und hilfreich sein, wenn Gedanken, Gef\u00fchle und das Verhalten die Lebensqualit\u00e4t beeintr\u00e4chtigen. M\u00f6gliche Themengebiete: Psychotherapie ist ein Prozess. Ich freue mich, Sie auf diesem Weg begleiten zu d\u00fcrfen. Meine Methode &#8211; [&hellip;]\" \/>\n<meta property=\"og:url\" content=\"https:\/\/blacher-psychotherapie.at\/index.php\/methode\/\" \/>\n<meta property=\"og:site_name\" content=\"Andrea Blacher Psychotherapie\" \/>\n<meta property=\"article:modified_time\" content=\"2025-03-08T19:24:38+00:00\" \/>\n<meta property=\"og:image\" content=\"https:\/\/blacher-psychotherapie.at\/wp-content\/uploads\/2024\/08\/PXL_20240809_080002506-edited-scaled.jpg\" \/>\n\t<meta property=\"og:image:width\" content=\"2560\" \/>\n\t<meta property=\"og:image:height\" content=\"1440\" \/>\n\t<meta property=\"og:image:type\" content=\"image\/jpeg\" \/>\n<meta name=\"twitter:card\" content=\"summary_large_image\" \/>\n<meta name=\"twitter:label1\" content=\"Gesch\u00e4tzte Lesezeit\" \/>\n\t<meta name=\"twitter:data1\" content=\"2 Minuten\" \/>\n<script type=\"application\/ld+json\" class=\"yoast-schema-graph\">{\"@context\":\"https:\\\/\\\/schema.org\",\"@graph\":[{\"@type\":\"WebPage\",\"@id\":\"https:\\\/\\\/blacher-psychotherapie.at\\\/index.php\\\/methode\\\/\",\"url\":\"https:\\\/\\\/blacher-psychotherapie.at\\\/index.php\\\/methode\\\/\",\"name\":\"Methode - Andrea Blacher Psychotherapie\",\"isPartOf\":{\"@id\":\"https:\\\/\\\/blacher-psychotherapie.at\\\/#website\"},\"primaryImageOfPage\":{\"@id\":\"https:\\\/\\\/blacher-psychotherapie.at\\\/index.php\\\/methode\\\/#primaryimage\"},\"image\":{\"@id\":\"https:\\\/\\\/blacher-psychotherapie.at\\\/index.php\\\/methode\\\/#primaryimage\"},\"thumbnailUrl\":\"https:\\\/\\\/blacher-psychotherapie.at\\\/wp-content\\\/uploads\\\/2024\\\/08\\\/PXL_20240809_080002506-edited-scaled.jpg\",\"datePublished\":\"2024-08-08T15:54:57+00:00\",\"dateModified\":\"2025-03-08T19:24:38+00:00\",\"breadcrumb\":{\"@id\":\"https:\\\/\\\/blacher-psychotherapie.at\\\/index.php\\\/methode\\\/#breadcrumb\"},\"inLanguage\":\"de\",\"potentialAction\":[{\"@type\":\"ReadAction\",\"target\":[\"https:\\\/\\\/blacher-psychotherapie.at\\\/index.php\\\/methode\\\/\"]}]},{\"@type\":\"ImageObject\",\"inLanguage\":\"de\",\"@id\":\"https:\\\/\\\/blacher-psychotherapie.at\\\/index.php\\\/methode\\\/#primaryimage\",\"url\":\"https:\\\/\\\/blacher-psychotherapie.at\\\/wp-content\\\/uploads\\\/2024\\\/08\\\/PXL_20240809_080002506-edited-scaled.jpg\",\"contentUrl\":\"https:\\\/\\\/blacher-psychotherapie.at\\\/wp-content\\\/uploads\\\/2024\\\/08\\\/PXL_20240809_080002506-edited-scaled.jpg\",\"width\":2560,\"height\":1440},{\"@type\":\"BreadcrumbList\",\"@id\":\"https:\\\/\\\/blacher-psychotherapie.at\\\/index.php\\\/methode\\\/#breadcrumb\",\"itemListElement\":[{\"@type\":\"ListItem\",\"position\":1,\"name\":\"Startseite\",\"item\":\"https:\\\/\\\/blacher-psychotherapie.at\\\/\"},{\"@type\":\"ListItem\",\"position\":2,\"name\":\"Methode\"}]},{\"@type\":\"WebSite\",\"@id\":\"https:\\\/\\\/blacher-psychotherapie.at\\\/#website\",\"url\":\"https:\\\/\\\/blacher-psychotherapie.at\\\/\",\"name\":\"Andrea Blacher Psychotherapie\",\"description\":\"Psychotherapeutin in Ausbildung unter Supervision\",\"potentialAction\":[{\"@type\":\"SearchAction\",\"target\":{\"@type\":\"EntryPoint\",\"urlTemplate\":\"https:\\\/\\\/blacher-psychotherapie.at\\\/?s={search_term_string}\"},\"query-input\":{\"@type\":\"PropertyValueSpecification\",\"valueRequired\":true,\"valueName\":\"search_term_string\"}}],\"inLanguage\":\"de\"}]}<\/script>\n<!-- \/ Yoast SEO plugin. -->","yoast_head_json":{"title":"Methode - Andrea Blacher Psychotherapie","robots":{"index":"index","follow":"follow","max-snippet":"max-snippet:-1","max-image-preview":"max-image-preview:large","max-video-preview":"max-video-preview:-1"},"canonical":"https:\/\/blacher-psychotherapie.at\/index.php\/methode\/","og_locale":"de_DE","og_type":"article","og_title":"Methode - Andrea Blacher Psychotherapie","og_description":"Psychotherapie ist ein wissenschaftlich fundiertes Heilverfahren. Sie dient der Behandlung, Heilung oder Linderung von psychischen Leidenszust\u00e4nden und Verhaltensst\u00f6rungen ohne Medikamente. Eine Psychotherapie kann sinnvoll und hilfreich sein, wenn Gedanken, Gef\u00fchle und das Verhalten die Lebensqualit\u00e4t beeintr\u00e4chtigen. M\u00f6gliche Themengebiete: Psychotherapie ist ein Prozess. Ich freue mich, Sie auf diesem Weg begleiten zu d\u00fcrfen. Meine Methode &#8211; [&hellip;]","og_url":"https:\/\/blacher-psychotherapie.at\/index.php\/methode\/","og_site_name":"Andrea Blacher Psychotherapie","article_modified_time":"2025-03-08T19:24:38+00:00","og_image":[{"width":2560,"height":1440,"url":"https:\/\/blacher-psychotherapie.at\/wp-content\/uploads\/2024\/08\/PXL_20240809_080002506-edited-scaled.jpg","type":"image\/jpeg"}],"twitter_card":"summary_large_image","twitter_misc":{"Gesch\u00e4tzte Lesezeit":"2 Minuten"},"schema":{"@context":"https:\/\/schema.org","@graph":[{"@type":"WebPage","@id":"https:\/\/blacher-psychotherapie.at\/index.php\/methode\/","url":"https:\/\/blacher-psychotherapie.at\/index.php\/methode\/","name":"Methode - Andrea Blacher Psychotherapie","isPartOf":{"@id":"https:\/\/blacher-psychotherapie.at\/#website"},"primaryImageOfPage":{"@id":"https:\/\/blacher-psychotherapie.at\/index.php\/methode\/#primaryimage"},"image":{"@id":"https:\/\/blacher-psychotherapie.at\/index.php\/methode\/#primaryimage"},"thumbnailUrl":"https:\/\/blacher-psychotherapie.at\/wp-content\/uploads\/2024\/08\/PXL_20240809_080002506-edited-scaled.jpg","datePublished":"2024-08-08T15:54:57+00:00","dateModified":"2025-03-08T19:24:38+00:00","breadcrumb":{"@id":"https:\/\/blacher-psychotherapie.at\/index.php\/methode\/#breadcrumb"},"inLanguage":"de","potentialAction":[{"@type":"ReadAction","target":["https:\/\/blacher-psychotherapie.at\/index.php\/methode\/"]}]},{"@type":"ImageObject","inLanguage":"de","@id":"https:\/\/blacher-psychotherapie.at\/index.php\/methode\/#primaryimage","url":"https:\/\/blacher-psychotherapie.at\/wp-content\/uploads\/2024\/08\/PXL_20240809_080002506-edited-scaled.jpg","contentUrl":"https:\/\/blacher-psychotherapie.at\/wp-content\/uploads\/2024\/08\/PXL_20240809_080002506-edited-scaled.jpg","width":2560,"height":1440},{"@type":"BreadcrumbList","@id":"https:\/\/blacher-psychotherapie.at\/index.php\/methode\/#breadcrumb","itemListElement":[{"@type":"ListItem","position":1,"name":"Startseite","item":"https:\/\/blacher-psychotherapie.at\/"},{"@type":"ListItem","position":2,"name":"Methode"}]},{"@type":"WebSite","@id":"https:\/\/blacher-psychotherapie.at\/#website","url":"https:\/\/blacher-psychotherapie.at\/","name":"Andrea Blacher Psychotherapie","description":"Psychotherapeutin in Ausbildung unter Supervision","potentialAction":[{"@type":"SearchAction","target":{"@type":"EntryPoint","urlTemplate":"https:\/\/blacher-psychotherapie.at\/?s={search_term_string}"},"query-input":{"@type":"PropertyValueSpecification","valueRequired":true,"valueName":"search_term_string"}}],"inLanguage":"de"}]}},"_links":{"self":[{"href":"https:\/\/blacher-psychotherapie.at\/index.php\/wp-json\/wp\/v2\/pages\/110","targetHints":{"allow":["GET"]}}],"collection":[{"href":"https:\/\/blacher-psychotherapie.at\/index.php\/wp-json\/wp\/v2\/pages"}],"about":[{"href":"https:\/\/blacher-psychotherapie.at\/index.php\/wp-json\/wp\/v2\/types\/page"}],"author":[{"embeddable":true,"href":"https:\/\/blacher-psychotherapie.at\/index.php\/wp-json\/wp\/v2\/users\/1"}],"replies":[{"embeddable":true,"href":"https:\/\/blacher-psychotherapie.at\/index.php\/wp-json\/wp\/v2\/comments?post=110"}],"version-history":[{"count":9,"href":"https:\/\/blacher-psychotherapie.at\/index.php\/wp-json\/wp\/v2\/pages\/110\/revisions"}],"predecessor-version":[{"id":227,"href":"https:\/\/blacher-psychotherapie.at\/index.php\/wp-json\/wp\/v2\/pages\/110\/revisions\/227"}],"wp:attachment":[{"href":"https:\/\/blacher-psychotherapie.at\/index.php\/wp-json\/wp\/v2\/media?parent=110"}],"curies":[{"name":"wp","href":"https:\/\/api.w.org\/{rel}","templated":true}]}}