{"id":111,"date":"2024-08-08T15:58:45","date_gmt":"2024-08-08T15:58:45","guid":{"rendered":"https:\/\/blacher-psychotherapie.at\/?page_id=111"},"modified":"2025-09-23T11:16:17","modified_gmt":"2025-09-23T11:16:17","slug":"rahmenbedingungen","status":"publish","type":"page","link":"https:\/\/blacher-psychotherapie.at\/index.php\/rahmenbedingungen\/","title":{"rendered":"Rahmenbedingungen"},"content":{"rendered":"<h2 class=\"wp-block-post-title\">Rahmenbedingungen<\/h2>\n\n\n<p>Als Psychotherapeutin in Ausbildung unter Supervision bin ich im letzten Ausbildungsabschnitt und berechtigt, unmittelbar und eigenverantwortlich psychotherapeutisch t\u00e4tig zu sein. Meine Arbeit wird regelm\u00e4\u00dfig von einer erfahrenen Lehrtherapeutin supervidiert, um h\u00f6chste Qualit\u00e4t sicherzustellen.<\/p>\n\n\n\n<h6 class=\"wp-block-heading\">Ablauf<\/h6>\n\n\n\n<p>Einen Termin f\u00fcr ein Erstgespr\u00e4ch k\u00f6nnen Sie gerne telefonisch oder per E-Mail mit mir vereinbaren. Dieses Gespr\u00e4ch dient dem gegenseitigen Kennenlernen, dem Kl\u00e4ren der Rahmenbedingungen und Ihres Therapieziels. <\/p>\n\n\n\n<h6 class=\"wp-block-heading\">Kosten<\/h6>\n\n\n\n<ul class=\"wp-block-list\">\n<li>Kennenlernen: 30 Minuten &#8211; kostenfrei<\/li>\n\n\n\n<li>Einzelstunde: 50 Minuten 80\u20ac<\/li>\n\n\n\n<li>Sozialtarif auf Anfrage m\u00f6glich<\/li>\n\n\n\n<li>Eine Kosten\u00fcbernahme durch die Krankenkasse ist derzeit leider nicht m\u00f6glich<\/li>\n<\/ul>\n\n\n\n<h6 class=\"wp-block-heading\">Absageregelung<\/h6>\n\n\n\n<p>Die Absage eines vereinbarten Termins ist bis zu 24 Stunden vorher per E-Mail, SMS oder Anruf m\u00f6glich. Andernfalls muss ich Ihnen den Termin mit dem \u00fcblichen Honorar in Rechnung stellen.<\/p>\n\n\n\n<h6 class=\"wp-block-heading\">Verschwiegenheit<\/h6>\n\n\n\n<p>Als Psychotherapeutin in Ausbildung unter Supervision unterliege ich der Verschwiegenheitspflicht gem\u00e4\u00df Psychotherapiegesetz \u00a715 und bin daher zu absoluter Verschwiegenheit verpflichtet.<\/p>\n","protected":false},"excerpt":{"rendered":"<p>Als Psychotherapeutin in Ausbildung unter Supervision bin ich im letzten Ausbildungsabschnitt und berechtigt, unmittelbar und eigenverantwortlich psychotherapeutisch t\u00e4tig zu sein. Meine Arbeit wird regelm\u00e4\u00dfig von einer erfahrenen Lehrtherapeutin supervidiert, um h\u00f6chste Qualit\u00e4t sicherzustellen. Ablauf Einen Termin f\u00fcr ein Erstgespr\u00e4ch k\u00f6nnen Sie gerne telefonisch oder per E-Mail mit mir vereinbaren. Dieses Gespr\u00e4ch dient dem gegenseitigen Kennenlernen, [&hellip;]<\/p>\n","protected":false},"author":1,"featured_media":0,"parent":0,"menu_order":0,"comment_status":"closed","ping_status":"closed","template":"","meta":{"footnotes":""},"class_list":["post-111","page","type-page","status-publish","hentry"],"yoast_head":"<!-- This site is optimized with the Yoast SEO plugin v27.4 - https:\/\/yoast.com\/product\/yoast-seo-wordpress\/ -->\n<title>Rahmenbedingungen - Andrea Blacher Psychotherapie<\/title>\n<meta name=\"robots\" content=\"index, follow, max-snippet:-1, max-image-preview:large, max-video-preview:-1\" \/>\n<link rel=\"canonical\" href=\"https:\/\/blacher-psychotherapie.at\/index.php\/rahmenbedingungen\/\" \/>\n<meta property=\"og:locale\" content=\"de_DE\" \/>\n<meta property=\"og:type\" content=\"article\" \/>\n<meta property=\"og:title\" content=\"Rahmenbedingungen - Andrea Blacher Psychotherapie\" \/>\n<meta property=\"og:description\" content=\"Als Psychotherapeutin in Ausbildung unter Supervision bin ich im letzten Ausbildungsabschnitt und berechtigt, unmittelbar und eigenverantwortlich psychotherapeutisch t\u00e4tig zu sein. Meine Arbeit wird regelm\u00e4\u00dfig von einer erfahrenen Lehrtherapeutin supervidiert, um h\u00f6chste Qualit\u00e4t sicherzustellen. Ablauf Einen Termin f\u00fcr ein Erstgespr\u00e4ch k\u00f6nnen Sie gerne telefonisch oder per E-Mail mit mir vereinbaren. Dieses Gespr\u00e4ch dient dem gegenseitigen Kennenlernen, [&hellip;]\" \/>\n<meta property=\"og:url\" content=\"https:\/\/blacher-psychotherapie.at\/index.php\/rahmenbedingungen\/\" \/>\n<meta property=\"og:site_name\" content=\"Andrea Blacher Psychotherapie\" \/>\n<meta property=\"article:modified_time\" content=\"2025-09-23T11:16:17+00:00\" \/>\n<meta name=\"twitter:card\" content=\"summary_large_image\" \/>\n<meta name=\"twitter:label1\" content=\"Gesch\u00e4tzte Lesezeit\" \/>\n\t<meta name=\"twitter:data1\" content=\"1 Minute\" \/>\n<script type=\"application\/ld+json\" class=\"yoast-schema-graph\">{\"@context\":\"https:\\\/\\\/schema.org\",\"@graph\":[{\"@type\":\"WebPage\",\"@id\":\"https:\\\/\\\/blacher-psychotherapie.at\\\/index.php\\\/rahmenbedingungen\\\/\",\"url\":\"https:\\\/\\\/blacher-psychotherapie.at\\\/index.php\\\/rahmenbedingungen\\\/\",\"name\":\"Rahmenbedingungen - Andrea Blacher Psychotherapie\",\"isPartOf\":{\"@id\":\"https:\\\/\\\/blacher-psychotherapie.at\\\/#website\"},\"datePublished\":\"2024-08-08T15:58:45+00:00\",\"dateModified\":\"2025-09-23T11:16:17+00:00\",\"breadcrumb\":{\"@id\":\"https:\\\/\\\/blacher-psychotherapie.at\\\/index.php\\\/rahmenbedingungen\\\/#breadcrumb\"},\"inLanguage\":\"de\",\"potentialAction\":[{\"@type\":\"ReadAction\",\"target\":[\"https:\\\/\\\/blacher-psychotherapie.at\\\/index.php\\\/rahmenbedingungen\\\/\"]}]},{\"@type\":\"BreadcrumbList\",\"@id\":\"https:\\\/\\\/blacher-psychotherapie.at\\\/index.php\\\/rahmenbedingungen\\\/#breadcrumb\",\"itemListElement\":[{\"@type\":\"ListItem\",\"position\":1,\"name\":\"Startseite\",\"item\":\"https:\\\/\\\/blacher-psychotherapie.at\\\/\"},{\"@type\":\"ListItem\",\"position\":2,\"name\":\"Rahmenbedingungen\"}]},{\"@type\":\"WebSite\",\"@id\":\"https:\\\/\\\/blacher-psychotherapie.at\\\/#website\",\"url\":\"https:\\\/\\\/blacher-psychotherapie.at\\\/\",\"name\":\"Andrea Blacher Psychotherapie\",\"description\":\"Psychotherapeutin in Ausbildung unter Supervision\",\"potentialAction\":[{\"@type\":\"SearchAction\",\"target\":{\"@type\":\"EntryPoint\",\"urlTemplate\":\"https:\\\/\\\/blacher-psychotherapie.at\\\/?s={search_term_string}\"},\"query-input\":{\"@type\":\"PropertyValueSpecification\",\"valueRequired\":true,\"valueName\":\"search_term_string\"}}],\"inLanguage\":\"de\"}]}<\/script>\n<!-- \/ Yoast SEO plugin. -->","yoast_head_json":{"title":"Rahmenbedingungen - Andrea Blacher Psychotherapie","robots":{"index":"index","follow":"follow","max-snippet":"max-snippet:-1","max-image-preview":"max-image-preview:large","max-video-preview":"max-video-preview:-1"},"canonical":"https:\/\/blacher-psychotherapie.at\/index.php\/rahmenbedingungen\/","og_locale":"de_DE","og_type":"article","og_title":"Rahmenbedingungen - Andrea Blacher Psychotherapie","og_description":"Als Psychotherapeutin in Ausbildung unter Supervision bin ich im letzten Ausbildungsabschnitt und berechtigt, unmittelbar und eigenverantwortlich psychotherapeutisch t\u00e4tig zu sein. Meine Arbeit wird regelm\u00e4\u00dfig von einer erfahrenen Lehrtherapeutin supervidiert, um h\u00f6chste Qualit\u00e4t sicherzustellen. Ablauf Einen Termin f\u00fcr ein Erstgespr\u00e4ch k\u00f6nnen Sie gerne telefonisch oder per E-Mail mit mir vereinbaren. Dieses Gespr\u00e4ch dient dem gegenseitigen Kennenlernen, [&hellip;]","og_url":"https:\/\/blacher-psychotherapie.at\/index.php\/rahmenbedingungen\/","og_site_name":"Andrea Blacher Psychotherapie","article_modified_time":"2025-09-23T11:16:17+00:00","twitter_card":"summary_large_image","twitter_misc":{"Gesch\u00e4tzte Lesezeit":"1 Minute"},"schema":{"@context":"https:\/\/schema.org","@graph":[{"@type":"WebPage","@id":"https:\/\/blacher-psychotherapie.at\/index.php\/rahmenbedingungen\/","url":"https:\/\/blacher-psychotherapie.at\/index.php\/rahmenbedingungen\/","name":"Rahmenbedingungen - Andrea Blacher Psychotherapie","isPartOf":{"@id":"https:\/\/blacher-psychotherapie.at\/#website"},"datePublished":"2024-08-08T15:58:45+00:00","dateModified":"2025-09-23T11:16:17+00:00","breadcrumb":{"@id":"https:\/\/blacher-psychotherapie.at\/index.php\/rahmenbedingungen\/#breadcrumb"},"inLanguage":"de","potentialAction":[{"@type":"ReadAction","target":["https:\/\/blacher-psychotherapie.at\/index.php\/rahmenbedingungen\/"]}]},{"@type":"BreadcrumbList","@id":"https:\/\/blacher-psychotherapie.at\/index.php\/rahmenbedingungen\/#breadcrumb","itemListElement":[{"@type":"ListItem","position":1,"name":"Startseite","item":"https:\/\/blacher-psychotherapie.at\/"},{"@type":"ListItem","position":2,"name":"Rahmenbedingungen"}]},{"@type":"WebSite","@id":"https:\/\/blacher-psychotherapie.at\/#website","url":"https:\/\/blacher-psychotherapie.at\/","name":"Andrea Blacher Psychotherapie","description":"Psychotherapeutin in Ausbildung unter Supervision","potentialAction":[{"@type":"SearchAction","target":{"@type":"EntryPoint","urlTemplate":"https:\/\/blacher-psychotherapie.at\/?s={search_term_string}"},"query-input":{"@type":"PropertyValueSpecification","valueRequired":true,"valueName":"search_term_string"}}],"inLanguage":"de"}]}},"_links":{"self":[{"href":"https:\/\/blacher-psychotherapie.at\/index.php\/wp-json\/wp\/v2\/pages\/111","targetHints":{"allow":["GET"]}}],"collection":[{"href":"https:\/\/blacher-psychotherapie.at\/index.php\/wp-json\/wp\/v2\/pages"}],"about":[{"href":"https:\/\/blacher-psychotherapie.at\/index.php\/wp-json\/wp\/v2\/types\/page"}],"author":[{"embeddable":true,"href":"https:\/\/blacher-psychotherapie.at\/index.php\/wp-json\/wp\/v2\/users\/1"}],"replies":[{"embeddable":true,"href":"https:\/\/blacher-psychotherapie.at\/index.php\/wp-json\/wp\/v2\/comments?post=111"}],"version-history":[{"count":12,"href":"https:\/\/blacher-psychotherapie.at\/index.php\/wp-json\/wp\/v2\/pages\/111\/revisions"}],"predecessor-version":[{"id":234,"href":"https:\/\/blacher-psychotherapie.at\/index.php\/wp-json\/wp\/v2\/pages\/111\/revisions\/234"}],"wp:attachment":[{"href":"https:\/\/blacher-psychotherapie.at\/index.php\/wp-json\/wp\/v2\/media?parent=111"}],"curies":[{"name":"wp","href":"https:\/\/api.w.org\/{rel}","templated":true}]}}