{"id":116,"date":"2024-08-04T17:41:36","date_gmt":"2024-08-04T17:41:36","guid":{"rendered":"https:\/\/blacher-psychotherapie.at\/?page_id=116"},"modified":"2025-03-08T19:27:16","modified_gmt":"2025-03-08T19:27:16","slug":"praxis","status":"publish","type":"page","link":"https:\/\/blacher-psychotherapie.at\/index.php\/praxis\/","title":{"rendered":"Praxis"},"content":{"rendered":"<h2 class=\"wp-block-post-title\">Praxis<\/h2>\n\n\n<p>Meine Praxis befindet sich in der Praxisgemeinschaft Floridsdorf und ist \u00f6ffentlich gut angebunden (U6 Station Floridsdorf). Die Praxis befindet sich im 4. Stock &#8211; es gibt einen Lift, allerdings ist der Lift nicht barrierefrei zug\u00e4nglich.<\/p>\n\n\n\n<p>Ich biete Termine Freitag vormittags (bis 13:00) und seit M\u00e4rz auch Montag nachmittags (ab 13:00) an.<\/p>\n\n\n\n<figure class=\"wp-block-image aligncenter size-large is-resized\"><img loading=\"lazy\" decoding=\"async\" width=\"1707\" height=\"2560\" src=\"https:\/\/blacher-psychotherapie.at\/wp-content\/uploads\/2024\/08\/PXL_20240809_080037264-edited-scaled.jpg\" alt=\"\" class=\"wp-image-189\" style=\"width:565px;height:auto\" srcset=\"https:\/\/blacher-psychotherapie.at\/wp-content\/uploads\/2024\/08\/PXL_20240809_080037264-edited-scaled.jpg 1707w, https:\/\/blacher-psychotherapie.at\/wp-content\/uploads\/2024\/08\/PXL_20240809_080037264-edited-200x300.jpg 200w, https:\/\/blacher-psychotherapie.at\/wp-content\/uploads\/2024\/08\/PXL_20240809_080037264-edited-683x1024.jpg 683w, https:\/\/blacher-psychotherapie.at\/wp-content\/uploads\/2024\/08\/PXL_20240809_080037264-edited-768x1152.jpg 768w, https:\/\/blacher-psychotherapie.at\/wp-content\/uploads\/2024\/08\/PXL_20240809_080037264-edited-1024x1536.jpg 1024w, https:\/\/blacher-psychotherapie.at\/wp-content\/uploads\/2024\/08\/PXL_20240809_080037264-edited-1365x2048.jpg 1365w\" sizes=\"auto, (max-width: 1707px) 100vw, 1707px\" \/><\/figure>\n\n\n\n<p>Sie k\u00f6nnen mich telefonisch oder per E-Mail kontaktieren. Sollten Sie mich telefonisch nicht erreichen, hinterlassen Sie mir eine Nachricht oder schreiben mir eine SMS &#8211; ich melde mich zeitnah.<\/p>\n","protected":false},"excerpt":{"rendered":"<p>Meine Praxis befindet sich in der Praxisgemeinschaft Floridsdorf und ist \u00f6ffentlich gut angebunden (U6 Station Floridsdorf). Die Praxis befindet sich im 4. Stock &#8211; es gibt einen Lift, allerdings ist der Lift nicht barrierefrei zug\u00e4nglich. Ich biete Termine Freitag vormittags (bis 13:00) und seit M\u00e4rz auch Montag nachmittags (ab 13:00) an. Sie k\u00f6nnen mich telefonisch [&hellip;]<\/p>\n","protected":false},"author":1,"featured_media":0,"parent":0,"menu_order":0,"comment_status":"closed","ping_status":"closed","template":"","meta":{"footnotes":""},"class_list":["post-116","page","type-page","status-publish","hentry"],"yoast_head":"<!-- This site is optimized with the Yoast SEO plugin v27.4 - https:\/\/yoast.com\/product\/yoast-seo-wordpress\/ -->\n<title>Praxis - Andrea Blacher Psychotherapie<\/title>\n<meta name=\"robots\" content=\"index, follow, max-snippet:-1, max-image-preview:large, max-video-preview:-1\" \/>\n<link rel=\"canonical\" href=\"https:\/\/blacher-psychotherapie.at\/index.php\/praxis\/\" \/>\n<meta property=\"og:locale\" content=\"de_DE\" \/>\n<meta property=\"og:type\" content=\"article\" \/>\n<meta property=\"og:title\" content=\"Praxis - Andrea Blacher Psychotherapie\" \/>\n<meta property=\"og:description\" content=\"Meine Praxis befindet sich in der Praxisgemeinschaft Floridsdorf und ist \u00f6ffentlich gut angebunden (U6 Station Floridsdorf). Die Praxis befindet sich im 4. Stock &#8211; es gibt einen Lift, allerdings ist der Lift nicht barrierefrei zug\u00e4nglich. Ich biete Termine Freitag vormittags (bis 13:00) und seit M\u00e4rz auch Montag nachmittags (ab 13:00) an. Sie k\u00f6nnen mich telefonisch [&hellip;]\" \/>\n<meta property=\"og:url\" content=\"https:\/\/blacher-psychotherapie.at\/index.php\/praxis\/\" \/>\n<meta property=\"og:site_name\" content=\"Andrea Blacher Psychotherapie\" \/>\n<meta property=\"article:modified_time\" content=\"2025-03-08T19:27:16+00:00\" \/>\n<meta property=\"og:image\" content=\"https:\/\/blacher-psychotherapie.at\/wp-content\/uploads\/2024\/08\/PXL_20240809_080037264-edited-scaled.jpg\" \/>\n\t<meta property=\"og:image:width\" content=\"1707\" \/>\n\t<meta property=\"og:image:height\" content=\"2560\" \/>\n\t<meta property=\"og:image:type\" content=\"image\/jpeg\" \/>\n<meta name=\"twitter:card\" content=\"summary_large_image\" \/>\n<meta name=\"twitter:label1\" content=\"Gesch\u00e4tzte Lesezeit\" \/>\n\t<meta name=\"twitter:data1\" content=\"1 Minute\" \/>\n<script type=\"application\/ld+json\" class=\"yoast-schema-graph\">{\"@context\":\"https:\\\/\\\/schema.org\",\"@graph\":[{\"@type\":\"WebPage\",\"@id\":\"https:\\\/\\\/blacher-psychotherapie.at\\\/index.php\\\/praxis\\\/\",\"url\":\"https:\\\/\\\/blacher-psychotherapie.at\\\/index.php\\\/praxis\\\/\",\"name\":\"Praxis - Andrea Blacher Psychotherapie\",\"isPartOf\":{\"@id\":\"https:\\\/\\\/blacher-psychotherapie.at\\\/#website\"},\"primaryImageOfPage\":{\"@id\":\"https:\\\/\\\/blacher-psychotherapie.at\\\/index.php\\\/praxis\\\/#primaryimage\"},\"image\":{\"@id\":\"https:\\\/\\\/blacher-psychotherapie.at\\\/index.php\\\/praxis\\\/#primaryimage\"},\"thumbnailUrl\":\"https:\\\/\\\/blacher-psychotherapie.at\\\/wp-content\\\/uploads\\\/2024\\\/08\\\/PXL_20240809_080037264-edited-scaled.jpg\",\"datePublished\":\"2024-08-04T17:41:36+00:00\",\"dateModified\":\"2025-03-08T19:27:16+00:00\",\"breadcrumb\":{\"@id\":\"https:\\\/\\\/blacher-psychotherapie.at\\\/index.php\\\/praxis\\\/#breadcrumb\"},\"inLanguage\":\"de\",\"potentialAction\":[{\"@type\":\"ReadAction\",\"target\":[\"https:\\\/\\\/blacher-psychotherapie.at\\\/index.php\\\/praxis\\\/\"]}]},{\"@type\":\"ImageObject\",\"inLanguage\":\"de\",\"@id\":\"https:\\\/\\\/blacher-psychotherapie.at\\\/index.php\\\/praxis\\\/#primaryimage\",\"url\":\"https:\\\/\\\/blacher-psychotherapie.at\\\/wp-content\\\/uploads\\\/2024\\\/08\\\/PXL_20240809_080037264-edited-scaled.jpg\",\"contentUrl\":\"https:\\\/\\\/blacher-psychotherapie.at\\\/wp-content\\\/uploads\\\/2024\\\/08\\\/PXL_20240809_080037264-edited-scaled.jpg\",\"width\":1707,\"height\":2560},{\"@type\":\"BreadcrumbList\",\"@id\":\"https:\\\/\\\/blacher-psychotherapie.at\\\/index.php\\\/praxis\\\/#breadcrumb\",\"itemListElement\":[{\"@type\":\"ListItem\",\"position\":1,\"name\":\"Startseite\",\"item\":\"https:\\\/\\\/blacher-psychotherapie.at\\\/\"},{\"@type\":\"ListItem\",\"position\":2,\"name\":\"Praxis\"}]},{\"@type\":\"WebSite\",\"@id\":\"https:\\\/\\\/blacher-psychotherapie.at\\\/#website\",\"url\":\"https:\\\/\\\/blacher-psychotherapie.at\\\/\",\"name\":\"Andrea Blacher Psychotherapie\",\"description\":\"Psychotherapeutin in Ausbildung unter Supervision\",\"potentialAction\":[{\"@type\":\"SearchAction\",\"target\":{\"@type\":\"EntryPoint\",\"urlTemplate\":\"https:\\\/\\\/blacher-psychotherapie.at\\\/?s={search_term_string}\"},\"query-input\":{\"@type\":\"PropertyValueSpecification\",\"valueRequired\":true,\"valueName\":\"search_term_string\"}}],\"inLanguage\":\"de\"}]}<\/script>\n<!-- \/ Yoast SEO plugin. -->","yoast_head_json":{"title":"Praxis - Andrea Blacher Psychotherapie","robots":{"index":"index","follow":"follow","max-snippet":"max-snippet:-1","max-image-preview":"max-image-preview:large","max-video-preview":"max-video-preview:-1"},"canonical":"https:\/\/blacher-psychotherapie.at\/index.php\/praxis\/","og_locale":"de_DE","og_type":"article","og_title":"Praxis - Andrea Blacher Psychotherapie","og_description":"Meine Praxis befindet sich in der Praxisgemeinschaft Floridsdorf und ist \u00f6ffentlich gut angebunden (U6 Station Floridsdorf). Die Praxis befindet sich im 4. Stock &#8211; es gibt einen Lift, allerdings ist der Lift nicht barrierefrei zug\u00e4nglich. Ich biete Termine Freitag vormittags (bis 13:00) und seit M\u00e4rz auch Montag nachmittags (ab 13:00) an. Sie k\u00f6nnen mich telefonisch [&hellip;]","og_url":"https:\/\/blacher-psychotherapie.at\/index.php\/praxis\/","og_site_name":"Andrea Blacher Psychotherapie","article_modified_time":"2025-03-08T19:27:16+00:00","og_image":[{"width":1707,"height":2560,"url":"https:\/\/blacher-psychotherapie.at\/wp-content\/uploads\/2024\/08\/PXL_20240809_080037264-edited-scaled.jpg","type":"image\/jpeg"}],"twitter_card":"summary_large_image","twitter_misc":{"Gesch\u00e4tzte Lesezeit":"1 Minute"},"schema":{"@context":"https:\/\/schema.org","@graph":[{"@type":"WebPage","@id":"https:\/\/blacher-psychotherapie.at\/index.php\/praxis\/","url":"https:\/\/blacher-psychotherapie.at\/index.php\/praxis\/","name":"Praxis - Andrea Blacher Psychotherapie","isPartOf":{"@id":"https:\/\/blacher-psychotherapie.at\/#website"},"primaryImageOfPage":{"@id":"https:\/\/blacher-psychotherapie.at\/index.php\/praxis\/#primaryimage"},"image":{"@id":"https:\/\/blacher-psychotherapie.at\/index.php\/praxis\/#primaryimage"},"thumbnailUrl":"https:\/\/blacher-psychotherapie.at\/wp-content\/uploads\/2024\/08\/PXL_20240809_080037264-edited-scaled.jpg","datePublished":"2024-08-04T17:41:36+00:00","dateModified":"2025-03-08T19:27:16+00:00","breadcrumb":{"@id":"https:\/\/blacher-psychotherapie.at\/index.php\/praxis\/#breadcrumb"},"inLanguage":"de","potentialAction":[{"@type":"ReadAction","target":["https:\/\/blacher-psychotherapie.at\/index.php\/praxis\/"]}]},{"@type":"ImageObject","inLanguage":"de","@id":"https:\/\/blacher-psychotherapie.at\/index.php\/praxis\/#primaryimage","url":"https:\/\/blacher-psychotherapie.at\/wp-content\/uploads\/2024\/08\/PXL_20240809_080037264-edited-scaled.jpg","contentUrl":"https:\/\/blacher-psychotherapie.at\/wp-content\/uploads\/2024\/08\/PXL_20240809_080037264-edited-scaled.jpg","width":1707,"height":2560},{"@type":"BreadcrumbList","@id":"https:\/\/blacher-psychotherapie.at\/index.php\/praxis\/#breadcrumb","itemListElement":[{"@type":"ListItem","position":1,"name":"Startseite","item":"https:\/\/blacher-psychotherapie.at\/"},{"@type":"ListItem","position":2,"name":"Praxis"}]},{"@type":"WebSite","@id":"https:\/\/blacher-psychotherapie.at\/#website","url":"https:\/\/blacher-psychotherapie.at\/","name":"Andrea Blacher Psychotherapie","description":"Psychotherapeutin in Ausbildung unter Supervision","potentialAction":[{"@type":"SearchAction","target":{"@type":"EntryPoint","urlTemplate":"https:\/\/blacher-psychotherapie.at\/?s={search_term_string}"},"query-input":{"@type":"PropertyValueSpecification","valueRequired":true,"valueName":"search_term_string"}}],"inLanguage":"de"}]}},"_links":{"self":[{"href":"https:\/\/blacher-psychotherapie.at\/index.php\/wp-json\/wp\/v2\/pages\/116","targetHints":{"allow":["GET"]}}],"collection":[{"href":"https:\/\/blacher-psychotherapie.at\/index.php\/wp-json\/wp\/v2\/pages"}],"about":[{"href":"https:\/\/blacher-psychotherapie.at\/index.php\/wp-json\/wp\/v2\/types\/page"}],"author":[{"embeddable":true,"href":"https:\/\/blacher-psychotherapie.at\/index.php\/wp-json\/wp\/v2\/users\/1"}],"replies":[{"embeddable":true,"href":"https:\/\/blacher-psychotherapie.at\/index.php\/wp-json\/wp\/v2\/comments?post=116"}],"version-history":[{"count":15,"href":"https:\/\/blacher-psychotherapie.at\/index.php\/wp-json\/wp\/v2\/pages\/116\/revisions"}],"predecessor-version":[{"id":230,"href":"https:\/\/blacher-psychotherapie.at\/index.php\/wp-json\/wp\/v2\/pages\/116\/revisions\/230"}],"wp:attachment":[{"href":"https:\/\/blacher-psychotherapie.at\/index.php\/wp-json\/wp\/v2\/media?parent=116"}],"curies":[{"name":"wp","href":"https:\/\/api.w.org\/{rel}","templated":true}]}}